{"id":1642,"date":"2021-09-16T18:09:28","date_gmt":"2021-09-16T18:09:28","guid":{"rendered":"https:\/\/the7.io\/consulting\/?page_id=1642"},"modified":"2023-02-02T18:44:39","modified_gmt":"2023-02-02T15:44:39","slug":"hakkimizda","status":"publish","type":"page","link":"https:\/\/vendteknoloji.com\/en\/hakkimizda\/","title":{"rendered":"About Us"},"content":{"rendered":"<div data-elementor-type=\"wp-page\" data-elementor-id=\"1642\" class=\"elementor elementor-1642\">\n\t\t\t\t\t\t\t\t\t<section class=\"elementor-section elementor-top-section elementor-element elementor-element-1d98f5c elementor-section-stretched elementor-section-content-middle elementor-section-boxed elementor-section-height-default elementor-section-height-default\" data-id=\"1d98f5c\" data-element_type=\"section\" data-settings=\"{&quot;stretch_section&quot;:&quot;section-stretched&quot;}\">\n\t\t\t\t\t\t<div class=\"elementor-container elementor-column-gap-wider\">\n\t\t\t\t\t<div class=\"elementor-column elementor-col-50 elementor-top-column elementor-element elementor-element-7eade21\" data-id=\"7eade21\" data-element_type=\"column\">\n\t\t\t<div class=\"elementor-widget-wrap elementor-element-populated\">\n\t\t\t\t\t\t\t\t<section class=\"elementor-section elementor-inner-section elementor-element elementor-element-ab78339 elementor-section-boxed elementor-section-height-default elementor-section-height-default\" data-id=\"ab78339\" data-element_type=\"section\">\n\t\t\t\t\t\t<div class=\"elementor-container elementor-column-gap-wider\">\n\t\t\t\t\t<div class=\"elementor-column elementor-col-100 elementor-inner-column elementor-element elementor-element-a3214ee\" data-id=\"a3214ee\" data-element_type=\"column\">\n\t\t\t<div class=\"elementor-widget-wrap elementor-element-populated\">\n\t\t\t\t\t\t\t\t<div class=\"elementor-element elementor-element-4e44ae8 elementor-widget elementor-widget-heading\" data-id=\"4e44ae8\" data-element_type=\"widget\" data-widget_type=\"heading.default\">\n\t\t\t\t<div class=\"elementor-widget-container\">\n\t\t\t<h4 class=\"elementor-heading-title elementor-size-default\">Welcome to Vend Teknoloji.<\/h4>\t\t<\/div>\n\t\t\t\t<\/div>\n\t\t\t\t<div class=\"elementor-element elementor-element-5f87116 elementor-widget elementor-widget-spacer\" data-id=\"5f87116\" data-element_type=\"widget\" data-widget_type=\"spacer.default\">\n\t\t\t\t<div class=\"elementor-widget-container\">\n\t\t\t\t\t<div class=\"elementor-spacer\">\n\t\t\t<div class=\"elementor-spacer-inner\"><\/div>\n\t\t<\/div>\n\t\t\t\t<\/div>\n\t\t\t\t<\/div>\n\t\t\t\t<div class=\"elementor-element elementor-element-58d8029 elementor-widget elementor-widget-heading\" data-id=\"58d8029\" data-element_type=\"widget\" data-widget_type=\"heading.default\">\n\t\t\t\t<div class=\"elementor-widget-container\">\n\t\t\t<h4 class=\"elementor-heading-title elementor-size-default\">We are here to guide the industry with original and new solutions.<\/h4>\t\t<\/div>\n\t\t\t\t<\/div>\n\t\t\t\t<div class=\"elementor-element elementor-element-d48d71a elementor-widget elementor-widget-spacer\" data-id=\"d48d71a\" data-element_type=\"widget\" data-widget_type=\"spacer.default\">\n\t\t\t\t<div class=\"elementor-widget-container\">\n\t\t\t\t\t<div class=\"elementor-spacer\">\n\t\t\t<div class=\"elementor-spacer-inner\"><\/div>\n\t\t<\/div>\n\t\t\t\t<\/div>\n\t\t\t\t<\/div>\n\t\t\t\t<div class=\"elementor-element elementor-element-747bc5f elementor-widget elementor-widget-text-editor\" data-id=\"747bc5f\" data-element_type=\"widget\" data-widget_type=\"text-editor.default\">\n\t\t\t\t<div class=\"elementor-widget-container\">\n\t\t\t\t\t\t\t<p>Vend Teknoloji was established with an experienced team with 15+ years of industry experience to provide brands with a new generation call center experience with the latest technology software.<\/p><section class=\"p-3\"><div class=\"container clearfix mt-5\"><div class=\"row\"><div class=\"col-lg-6 bottommargin\"><div>Vend Teknoloji, which prioritizes the protection of the information of all institutions, organizations and individuals that I am in contact with, is at work to provide better service to its customers and business partners.<\/div><\/div><\/div><\/div><\/section><div class=\"parallax pt-4 col-md-8 offset-md-2\"><div class=\"col_one_third bottommargin\"><div class=\"feature-box fbox-center fbox-light fbox-effect nobottomborder\"><div class=\"fbox-icon\">\u00a0<\/div><\/div><\/div><\/div>\t\t\t\t\t\t<\/div>\n\t\t\t\t<\/div>\n\t\t\t\t\t<\/div>\n\t\t<\/div>\n\t\t\t\t\t\t\t<\/div>\n\t\t<\/section>\n\t\t\t\t<section class=\"elementor-section elementor-inner-section elementor-element elementor-element-4c4f01d elementor-section-boxed elementor-section-height-default elementor-section-height-default\" data-id=\"4c4f01d\" data-element_type=\"section\">\n\t\t\t\t\t\t<div class=\"elementor-container elementor-column-gap-wider\">\n\t\t\t\t\t<div class=\"elementor-column elementor-col-50 elementor-inner-column elementor-element elementor-element-a6fca53\" data-id=\"a6fca53\" data-element_type=\"column\">\n\t\t\t<div class=\"elementor-widget-wrap elementor-element-populated\">\n\t\t\t\t\t\t\t\t<div class=\"elementor-element elementor-element-7afebe8 elementor-widget__width-auto elementor-widget elementor-widget-heading\" data-id=\"7afebe8\" data-element_type=\"widget\" data-widget_type=\"heading.default\">\n\t\t\t\t<div class=\"elementor-widget-container\">\n\t\t\t<h3 class=\"elementor-heading-title elementor-size-default\">2022<\/h3>\t\t<\/div>\n\t\t\t\t<\/div>\n\t\t\t\t<div class=\"elementor-element elementor-element-9f3978e elementor-widget__width-auto elementor-widget elementor-widget-heading\" data-id=\"9f3978e\" data-element_type=\"widget\" data-widget_type=\"heading.default\">\n\t\t\t\t<div class=\"elementor-widget-container\">\n\t\t\t<h3 class=\"elementor-heading-title elementor-size-default\">since<\/h3>\t\t<\/div>\n\t\t\t\t<\/div>\n\t\t\t\t<div class=\"elementor-element elementor-element-305491a elementor-widget elementor-widget-spacer\" data-id=\"305491a\" data-element_type=\"widget\" data-widget_type=\"spacer.default\">\n\t\t\t\t<div class=\"elementor-widget-container\">\n\t\t\t\t\t<div class=\"elementor-spacer\">\n\t\t\t<div class=\"elementor-spacer-inner\"><\/div>\n\t\t<\/div>\n\t\t\t\t<\/div>\n\t\t\t\t<\/div>\n\t\t\t\t<div class=\"elementor-element elementor-element-b5539ff elementor-widget elementor-widget-heading\" data-id=\"b5539ff\" data-element_type=\"widget\" data-widget_type=\"heading.default\">\n\t\t\t\t<div class=\"elementor-widget-container\">\n\t\t\t<h4 class=\"elementor-heading-title elementor-size-default\">We are at your service<\/h4>\t\t<\/div>\n\t\t\t\t<\/div>\n\t\t\t\t\t<\/div>\n\t\t<\/div>\n\t\t\t\t<div class=\"elementor-column elementor-col-50 elementor-inner-column elementor-element elementor-element-1b5d313\" data-id=\"1b5d313\" data-element_type=\"column\">\n\t\t\t<div class=\"elementor-widget-wrap elementor-element-populated\">\n\t\t\t\t\t\t\t\t<div class=\"elementor-element elementor-element-27ac471 elementor-widget__width-auto elementor-widget elementor-widget-heading\" data-id=\"27ac471\" data-element_type=\"widget\" data-widget_type=\"heading.default\">\n\t\t\t\t<div class=\"elementor-widget-container\">\n\t\t\t<h3 class=\"elementor-heading-title elementor-size-default\">1000<\/h3>\t\t<\/div>\n\t\t\t\t<\/div>\n\t\t\t\t<div class=\"elementor-element elementor-element-3cd8740 elementor-widget__width-auto elementor-widget elementor-widget-heading\" data-id=\"3cd8740\" data-element_type=\"widget\" data-widget_type=\"heading.default\">\n\t\t\t\t<div class=\"elementor-widget-container\">\n\t\t\t<h3 class=\"elementor-heading-title elementor-size-default\">+<\/h3>\t\t<\/div>\n\t\t\t\t<\/div>\n\t\t\t\t<div class=\"elementor-element elementor-element-8805bb2 elementor-widget elementor-widget-spacer\" data-id=\"8805bb2\" data-element_type=\"widget\" data-widget_type=\"spacer.default\">\n\t\t\t\t<div class=\"elementor-widget-container\">\n\t\t\t\t\t<div class=\"elementor-spacer\">\n\t\t\t<div class=\"elementor-spacer-inner\"><\/div>\n\t\t<\/div>\n\t\t\t\t<\/div>\n\t\t\t\t<\/div>\n\t\t\t\t<div class=\"elementor-element elementor-element-13c3214 elementor-widget elementor-widget-heading\" data-id=\"13c3214\" data-element_type=\"widget\" data-widget_type=\"heading.default\">\n\t\t\t\t<div class=\"elementor-widget-container\">\n\t\t\t<h4 class=\"elementor-heading-title elementor-size-default\">Successful operation<\/h4>\t\t<\/div>\n\t\t\t\t<\/div>\n\t\t\t\t\t<\/div>\n\t\t<\/div>\n\t\t\t\t\t\t\t<\/div>\n\t\t<\/section>\n\t\t\t\t\t<\/div>\n\t\t<\/div>\n\t\t\t\t<div class=\"elementor-column elementor-col-50 elementor-top-column elementor-element elementor-element-cb10ebb\" data-id=\"cb10ebb\" data-element_type=\"column\">\n\t\t\t<div class=\"elementor-widget-wrap elementor-element-populated\">\n\t\t\t\t\t\t\t\t<div class=\"elementor-element elementor-element-ee74ff2 elementor-widget__width-auto elementor-widget elementor-widget-image\" data-id=\"ee74ff2\" data-element_type=\"widget\" data-widget_type=\"image.default\">\n\t\t\t\t<div class=\"elementor-widget-container\">\n\t\t\t\t\t\t\t\t\t\t\t\t\t\t\t<img decoding=\"async\" src=\"https:\/\/vendteknoloji.com\/wp-content\/uploads\/elementor\/thumbs\/vend-teknoloji-hakkimizda-1-q25jsjzhwtzh8qplo41hypsms96mkctf0d4wkr5z54.jpg\" title=\"\" alt=\"\" loading=\"lazy\" \/>\t\t\t\t\t\t\t\t\t\t\t\t\t\t\t<\/div>\n\t\t\t\t<\/div>\n\t\t\t\t<div class=\"elementor-element elementor-element-193a5e7 elementor-widget__width-auto elementor-widget elementor-widget-image\" data-id=\"193a5e7\" data-element_type=\"widget\" data-widget_type=\"image.default\">\n\t\t\t\t<div class=\"elementor-widget-container\">\n\t\t\t\t\t\t\t\t\t\t\t\t\t\t\t<img decoding=\"async\" src=\"https:\/\/vendteknoloji.com\/wp-content\/uploads\/elementor\/thumbs\/vend-teknoloji-hakkimizda-2-q28vc6zj2bcc7pfofvthm7hw1f3fz4yr1ee5fs48iw.jpg\" title=\"\" alt=\"\" loading=\"lazy\" \/>\t\t\t\t\t\t\t\t\t\t\t\t\t\t\t<\/div>\n\t\t\t\t<\/div>\n\t\t\t\t\t<\/div>\n\t\t<\/div>\n\t\t\t\t\t\t\t<\/div>\n\t\t<\/section>\n\t\t\t\t<section class=\"elementor-section elementor-top-section elementor-element elementor-element-7c06621 elementor-section-stretched elementor-section-boxed elementor-section-height-default elementor-section-height-default\" data-id=\"7c06621\" data-element_type=\"section\" data-settings=\"{&quot;stretch_section&quot;:&quot;section-stretched&quot;,&quot;background_background&quot;:&quot;classic&quot;}\">\n\t\t\t\t\t\t<div class=\"elementor-container elementor-column-gap-wider\">\n\t\t\t\t\t<div class=\"elementor-column elementor-col-100 elementor-top-column elementor-element elementor-element-b9d7cfd\" data-id=\"b9d7cfd\" data-element_type=\"column\" data-settings=\"{&quot;background_background&quot;:&quot;classic&quot;}\">\n\t\t\t<div class=\"elementor-widget-wrap elementor-element-populated\">\n\t\t\t\t\t\t\t\t<div class=\"elementor-element elementor-element-9c55c91 elementor-widget elementor-widget-heading\" data-id=\"9c55c91\" data-element_type=\"widget\" data-widget_type=\"heading.default\">\n\t\t\t\t<div class=\"elementor-widget-container\">\n\t\t\t<h2 class=\"elementor-heading-title elementor-size-default\">Contact us! We are looking forward to starting a new project.<\/h2>\t\t<\/div>\n\t\t\t\t<\/div>\n\t\t\t\t<div class=\"elementor-element elementor-element-30d4421 elementor-widget elementor-widget-spacer\" data-id=\"30d4421\" data-element_type=\"widget\" data-widget_type=\"spacer.default\">\n\t\t\t\t<div class=\"elementor-widget-container\">\n\t\t\t\t\t<div class=\"elementor-spacer\">\n\t\t\t<div class=\"elementor-spacer-inner\"><\/div>\n\t\t<\/div>\n\t\t\t\t<\/div>\n\t\t\t\t<\/div>\n\t\t\t\t<div class=\"elementor-element elementor-element-ec81da8 elementor-align-center elementor-widget elementor-widget-the7_button_widget\" data-id=\"ec81da8\" data-element_type=\"widget\" data-widget_type=\"the7_button_widget.default\">\n\t\t\t\t<div class=\"elementor-widget-container\">\n\t\t\t<div class=\"elementor-button-wrapper\"><a href=\"https:\/\/vendteknoloji.com\/en\/iletisim\/\" class=\"box-button elementor-button elementor-size-lg\">Contact us now!<\/a><\/div>\t\t<\/div>\n\t\t\t\t<\/div>\n\t\t\t\t\t<\/div>\n\t\t<\/div>\n\t\t\t\t\t\t\t<\/div>\n\t\t<\/section>\n\t\t\t\t\t\t\t<\/div>","protected":false},"excerpt":{"rendered":"<p>Vend Teknoloji&#8217;ye Ho\u015f Geldiniz. \u00d6zg\u00fcn ve yeni \u00e7\u00f6z\u00fcmlerle sekt\u00f6re y\u00f6n vermek i\u00e7in buraday\u0131z. Vend Teknoloji, 15+ y\u0131ll\u0131k sekt\u00f6r tecr\u00fcbesine sahip deneyimli bir ekip ile markalara en son teknoloji yaz\u0131l\u0131mlarla yeni nesil bir \u00e7a\u011fr\u0131 merkezi deneyimi ya\u015fatmak \u00fczere kuruldu. \u0130leti\u015fimde oldu\u011fumu t\u00fcm kurum, kurulu\u015f ve ki\u015filere ait bilgilerinin korunmas\u0131n\u0131 \u00f6nceli\u011fi olarak belirleyen Vend Teknoloji, m\u00fc\u015fteri ve&hellip;<\/p>","protected":false},"author":2,"featured_media":716,"parent":0,"menu_order":15,"comment_status":"closed","ping_status":"closed","template":"","meta":[],"_links":{"self":[{"href":"https:\/\/vendteknoloji.com\/en\/wp-json\/wp\/v2\/pages\/1642"}],"collection":[{"href":"https:\/\/vendteknoloji.com\/en\/wp-json\/wp\/v2\/pages"}],"about":[{"href":"https:\/\/vendteknoloji.com\/en\/wp-json\/wp\/v2\/types\/page"}],"author":[{"embeddable":true,"href":"https:\/\/vendteknoloji.com\/en\/wp-json\/wp\/v2\/users\/2"}],"replies":[{"embeddable":true,"href":"https:\/\/vendteknoloji.com\/en\/wp-json\/wp\/v2\/comments?post=1642"}],"version-history":[{"count":13,"href":"https:\/\/vendteknoloji.com\/en\/wp-json\/wp\/v2\/pages\/1642\/revisions"}],"predecessor-version":[{"id":4754,"href":"https:\/\/vendteknoloji.com\/en\/wp-json\/wp\/v2\/pages\/1642\/revisions\/4754"}],"wp:featuredmedia":[{"embeddable":true,"href":"https:\/\/vendteknoloji.com\/en\/wp-json\/wp\/v2\/media\/716"}],"wp:attachment":[{"href":"https:\/\/vendteknoloji.com\/en\/wp-json\/wp\/v2\/media?parent=1642"}],"curies":[{"name":"wp","href":"https:\/\/api.w.org\/{rel}","templated":true}]}}